{"id":5470,"date":"2021-04-28T15:21:11","date_gmt":"2021-04-28T15:21:11","guid":{"rendered":"https:\/\/tutorsindia.com\/academy\/?page_id=5470"},"modified":"2021-06-03T10:35:31","modified_gmt":"2021-06-03T10:35:31","slug":"robotic-process-automation","status":"publish","type":"page","link":"https:\/\/www.tutorsindia.com\/academy\/coding-algorithms-development\/computer-science-it\/robotic-process-automation\/","title":{"rendered":"Robotic Process Automation"},"content":{"rendered":"<div class=\"wpb-content-wrapper\"><p>[vc_row css=&#8221;.vc_custom_1620804131518{padding-top: 60px !important;}&#8221;][vc_column width=&#8221;4\/12&#8243;][\/vc_column][vc_column width=&#8221;8\/12&#8243;][vc_column_text]<\/p>\n<h1 class=\"entry-titlee\" style=\"text-align: center;\">Computer Science &amp; IT<\/h1>\n<p>[\/vc_column_text][vc_raw_html]JTNDaGVhZCUzRSUwQSUyMCUyMCUyMCUyMCUyMCUyMCUyMCUwQSUyMCUyMCUyMCUyMCUyMCUyMCUyMCUyMCUzQyUyRmhlYWQlM0UlMEElMjAlMjAlMjAlMjAlM0Nmb3JtJTIwaWQlM0QlMjJkZW1vRm9ybSUyMiUyMGNsYXNzJTNEJTIyZGVtb0Zvcm0lMjIlMjBzdHlsZSUzRCUyMnRleHQtYWxpZ24lM0ElMjBjZW50ZXIlM0IlMjBkaXNwbGF5JTNBJTIwaW5saW5lLWZsZXglM0IlMjIlM0UlMEElMjAlMjAlMjAlMjAlMEElMjAlMjAlMjAlMjAlMjAlMjAlMjAlMjAlM0NzZWxlY3QlMjBjbGFzcyUzRCUyMnNlbGVjdC1ib3glMjBmbGlwJTIyJTIwc3R5bGUlM0QlMjJwYWRkaW5nJTNBJTIwNXB4JTIwMHB4JTIwNXB4JTIwOXB4JTNCJTIwbWFyZ2luJTNBJTIwMTBweCUyMDAlMjAwJTIwNTBweCUzQiUyMGZvbnQtc2l6ZSUzQSUyMDE3cHglM0IlMjIlMjBuYW1lJTNEJTIyY2F0ZWdvcnklMjIlM0UlMEElMjAlMjAlMjAlMjAlM0NvcHRpb24lMjB2YWx1ZSUzRCUyMnNlcnZpY2VzJTIyJTNFU2VsZWN0JTIwU2VydmljZXMlM0MlMkZvcHRpb24lM0UlMEElMjAlMjAlMjAlMjAlM0NvcHRpb24lMjB2YWx1ZSUzRCUyMkxpdGVyYXR1ciUyMiUyMCUzRUNvbXB1dGVyJTIwU2NpZW5jZSUyMCUyNiUyMElUJTIwJTNDJTJGb3B0aW9uJTNFJTBBJTIwJTIwJTIwJTIwJTBBJTIwJTIwJTIwJTIwJTNDJTJGc2VsZWN0JTNFJTBBJTIwJTIwJTIwJTIwJTBBJTIwJTIwJTIwJTIwJTNDc2VsZWN0JTIwaWQlM0QlMjJjaG9pY2VzJTIyJTIwY2xhc3MlM0QlMjJzZWxlY3QtYm94JTIyJTIwc3R5bGUlM0QlMjJwYWRkaW5nJTNBJTIwNXB4JTIwMHB4JTIwNXB4JTIwOXB4JTNCJTIwbWFyZ2luJTNBJTIwMTBweCUyMDAlMjAwJTIwMjVweCUzQiUyMGZvbnQtc2l6ZSUzQSUyMDE3cHglM0IlMjIlM0UlMEElMjAlMjAlMjAlMEElMjAlMjAlMjAlMjAlM0MlMkZzZWxlY3QlM0UlMEElMjAlMjAlMjAlMjAlMEElMjAlMjAlMjAlMjAlM0MlMkZmb3JtJTNF[\/vc_raw_html][\/vc_column][\/vc_row][vc_row css=&#8221;.vc_custom_1620804103287{padding-top: 2% !important;}&#8221;][vc_column width=&#8221;1\/3&#8243;][vc_column_text]<\/p>\n<h2 class=\"phddi\">Coding &amp; Algorithms Development<\/h2>\n<p>[\/vc_column_text][vc_tta_accordion c_icon=&#8221;triangle&#8221; active_section=&#8221;1&#8243; el_class=&#8221;phdtit&#8221;][vc_tta_section title=&#8221;Computer Science &amp; IT&#8221; tab_id=&#8221;1620728724278-8807adec-2253&#8243;][vc_column_text]<\/p>\n<ul class=\"toc chapters dropdown-containers\" style=\"display: block;\">\n<li><a href=\"https:\/\/tutorsindia.com\/academy\/coding-algorithm\/computer-science-it\/shrewd-object-visualization-mechanism\/\">Shrewd Object Visualization Mechanism<\/a><\/li>\n<li class=\"activec\"><a href=\"https:\/\/tutorsindia.com\/academy\/coding-algorithm\/computer-science-it\/robotic-process-automation\/\">Robotic Process Automation <\/a><\/li>\n<li><a href=\"https:\/\/tutorsindia.com\/academy\/coding-algorithm\/computer-science-it\/role-of-ai-in-healthcare\/\">Role of AI in Healthcare<\/a><\/li>\n<li><a href=\"https:\/\/tutorsindia.com\/academy\/coding-algorithm\/computer-science-it\/natural-language-processing\/\">Natural Language Processing <\/a><\/li>\n<li><a href=\"https:\/\/tutorsindia.com\/academy\/coding-algorithm\/computer-science-it\/edge-computing\/\">Edge Computing<\/a><\/li>\n<li><a href=\"https:\/\/tutorsindia.com\/academy\/coding-algorithms-development\/computer-science-it\/ai-for-cybersecurity-and-knowledge-breach\/\">AI For Cybersecurity and Knowledge Breach<\/a><\/li>\n<li><a href=\"https:\/\/tutorsindia.com\/academy\/coding-algorithms-development\/computer-science-it\/reinforcement-learning\/\">Reinforcement Learning<\/a><\/li>\n<li><a href=\"https:\/\/tutorsindia.com\/academy\/coding-algorithms-development\/computer-science-it\/machine-learning-in-hyperautomation\/\">Machine Learning in Hyperautomation<\/a><\/li>\n<li><a href=\"https:\/\/tutorsindia.com\/academy\/coding-algorithms-development\/computer-science-it\/the-intersection-of-ml-and-iot\/\">The Intersection of ML and IoT<\/a><\/li>\n<li><a href=\"https:\/\/tutorsindia.com\/academy\/coding-algorithms-development\/computer-science-it\/consistent-integration-with-other-languages\/\">Consistent Integration with Other Languages<\/a><\/li>\n<\/ul>\n<p>[\/vc_column_text][\/vc_tta_section][\/vc_tta_accordion][\/vc_column][vc_column width=&#8221;2\/3&#8243; el_class=&#8221;padele&#8221;][vc_row_inner][vc_column_inner width=&#8221;1\/2&#8243;][\/vc_column_inner][vc_column_inner width=&#8221;1\/2&#8243;][vc_column_text]<\/p>\n<ul class=\"pager\">\n<li><a href=\"https:\/\/tutorsindia.com\/academy\/coding-algorithm\/computer-science-it\/shrewd-object-visualization-mechanism\/\">Previous<\/a><\/li>\n<li><a href=\"https:\/\/tutorsindia.com\/academy\/coding-algorithm\/computer-science-it\/role-of-ai-in-healthcare\/\">Next<\/a><\/li>\n<\/ul>\n<p>[\/vc_column_text][\/vc_column_inner][\/vc_row_inner][vc_column_text]<\/p>\n<h2 class=\"research\">Robotic Process Automation<\/h2>\n<p>[\/vc_column_text][vc_column_text]Robotic Process Automation refers to that technology which lets anybody these days to construct computer software, or a \u201crobot\u201d to compete with and assimilate the actions of a human interrelating within alphanumeric systems to perform a business process. RPA robots make use of the user interface to capture data and influence applications just as humans do. They understand, interpret, generate replies and communicate with all other systems so as to perform a vast variety of repetitive tasks. An RPA software robot seldom makes mistakes.<\/p>\n<p>Unlike other traditional IT solutions, RPA permits establishments to automate and computerize at a fraction of the time and cost hitherto come across. RPA is also non-invasive\u00a0 \u00a0and controls the existing infrastructure without causing interruption to basic systems, which would be challenging and expensive to replace.<\/p>\n<p>RPA robots are adept at mimicking most of the human user actions. RPA robots log into applications, move folders and files, copy and paste data, fill up forms, extract semi-structured and structured data from scrape browsers, documents, and more. They deliver direct profitability, and improve accuracy across industries. They allow superior scalability and personalized response to specific needs. They integrate effortlessly into any system. Thus, with RPA, cost efficacy and amenability will be the consequence.[\/vc_column_text][vc_single_image image=&#8221;5455&#8243; img_size=&#8221;full&#8221; alignment=&#8221;center&#8221;][vc_column_text]<\/p>\n<p class=\"stre\" style=\"text-align: center;\">Source: indiamart.com<\/p>\n<p>[\/vc_column_text][vc_column_text]<\/p>\n<h3 class=\"consup\">References<\/h3>\n<ol class=\"linhei\">\n<li>Hofmann, P., Samp, C., &amp; Urbach, N. (2020). Robotic process automation.\u00a0<em>Electronic Markets<\/em>,\u00a0<em>30<\/em>(1), 99-106.<\/li>\n<li>Enr\u00edquez, J. G., Jim\u00e9nez-Ram\u00edrez, A., Dom\u00ednguez-Mayo, F. J., &amp; Garc\u00eda-Garc\u00eda, J. A. (2020). Robotic process automation: a scientific and industrial systematic mapping study.\u00a0<em>IEEE Access<\/em>,\u00a0<em>8<\/em>, 39113-39129.<\/li>\n<\/ol>\n<p>[\/vc_column_text][vc_empty_space height=&#8221;50px&#8221;][\/vc_column][\/vc_row]<\/p>\n<\/div>","protected":false},"excerpt":{"rendered":"<p>[vc_row css=&#8221;.vc_custom_1620804131518{padding-top: 60px !important;}&#8221;][vc_column width=&#8221;4\/12&#8243;][\/vc_column][vc_column width=&#8221;8\/12&#8243;][vc_column_text] Computer Science &amp; IT [\/vc_column_text][vc_raw_html]JTNDaGVhZCUzRSUwQSUyMCUyMCUyMCUyMCUyMCUyMCUyMCUwQSUyMCUyMCUyMCUyMCUyMCUyMCUyMCUyMCUzQyUyRmhlYWQlM0UlMEElMjAlMjAlMjAlMjAlM0Nmb3JtJTIwaWQlM0QlMjJkZW1vRm9ybSUyMiUyMGNsYXNzJTNEJTIyZGVtb0Zvcm0lMjIlMjBzdHlsZSUzRCUyMnRleHQtYWxpZ24lM0ElMjBjZW50ZXIlM0IlMjBkaXNwbGF5JTNBJTIwaW5saW5lLWZsZXglM0IlMjIlM0UlMEElMjAlMjAlMjAlMjAlMEElMjAlMjAlMjAlMjAlMjAlMjAlMjAlMjAlM0NzZWxlY3QlMjBjbGFzcyUzRCUyMnNlbGVjdC1ib3glMjBmbGlwJTIyJTIwc3R5bGUlM0QlMjJwYWRkaW5nJTNBJTIwNXB4JTIwMHB4JTIwNXB4JTIwOXB4JTNCJTIwbWFyZ2luJTNBJTIwMTBweCUyMDAlMjAwJTIwNTBweCUzQiUyMGZvbnQtc2l6ZSUzQSUyMDE3cHglM0IlMjIlMjBuYW1lJTNEJTIyY2F0ZWdvcnklMjIlM0UlMEElMjAlMjAlMjAlMjAlM0NvcHRpb24lMjB2YWx1ZSUzRCUyMnNlcnZpY2VzJTIyJTNFU2VsZWN0JTIwU2VydmljZXMlM0MlMkZvcHRpb24lM0UlMEElMjAlMjAlMjAlMjAlM0NvcHRpb24lMjB2YWx1ZSUzRCUyMkxpdGVyYXR1ciUyMiUyMCUzRUNvbXB1dGVyJTIwU2NpZW5jZSUyMCUyNiUyMElUJTIwJTNDJTJGb3B0aW9uJTNFJTBBJTIwJTIwJTIwJTIwJTBBJTIwJTIwJTIwJTIwJTNDJTJGc2VsZWN0JTNFJTBBJTIwJTIwJTIwJTIwJTBBJTIwJTIwJTIwJTIwJTNDc2VsZWN0JTIwaWQlM0QlMjJjaG9pY2VzJTIyJTIwY2xhc3MlM0QlMjJzZWxlY3QtYm94JTIyJTIwc3R5bGUlM0QlMjJwYWRkaW5nJTNBJTIwNXB4JTIwMHB4JTIwNXB4JTIwOXB4JTNCJTIwbWFyZ2luJTNBJTIwMTBweCUyMDAlMjAwJTIwMjVweCUzQiUyMGZvbnQtc2l6ZSUzQSUyMDE3cHglM0IlMjIlM0UlMEElMjAlMjAlMjAlMEElMjAlMjAlMjAlMjAlM0MlMkZzZWxlY3QlM0UlMEElMjAlMjAlMjAlMjAlMEElMjAlMjAlMjAlMjAlM0MlMkZmb3JtJTNF[\/vc_raw_html][\/vc_column][\/vc_row][vc_row css=&#8221;.vc_custom_1620804103287{padding-top: 2% !important;}&#8221;][vc_column width=&#8221;1\/3&#8243;][vc_column_text] Coding &amp; Algorithms Development [\/vc_column_text][vc_tta_accordion [&hellip;]<\/p>\n","protected":false},"author":1,"featured_media":0,"parent":5620,"menu_order":0,"comment_status":"closed","ping_status":"closed","template":"","meta":{"footnotes":""},"class_list":["post-5470","page","type-page","status-publish","hentry"],"yoast_head":"<!-- This site is optimized with the Yoast SEO plugin v27.2 - https:\/\/yoast.com\/product\/yoast-seo-wordpress\/ -->\n<title>Robotic Process Automation - Recent-Research Trends<\/title>\n<meta name=\"robots\" content=\"index, follow, max-snippet:-1, max-image-preview:large, max-video-preview:-1\" \/>\n<meta property=\"og:locale\" content=\"en_GB\" \/>\n<meta property=\"og:type\" content=\"article\" \/>\n<meta property=\"og:title\" content=\"Robotic Process Automation - Recent-Research Trends\" \/>\n<meta property=\"og:description\" content=\"[vc_row css=&#8221;.vc_custom_1620804131518{padding-top: 60px !important;}&#8221;][vc_column width=&#8221;4\/12&#8243;][\/vc_column][vc_column width=&#8221;8\/12&#8243;][vc_column_text] Computer Science &amp; IT [\/vc_column_text][vc_raw_html]JTNDaGVhZCUzRSUwQSUyMCUyMCUyMCUyMCUyMCUyMCUyMCUwQSUyMCUyMCUyMCUyMCUyMCUyMCUyMCUyMCUzQyUyRmhlYWQlM0UlMEElMjAlMjAlMjAlMjAlM0Nmb3JtJTIwaWQlM0QlMjJkZW1vRm9ybSUyMiUyMGNsYXNzJTNEJTIyZGVtb0Zvcm0lMjIlMjBzdHlsZSUzRCUyMnRleHQtYWxpZ24lM0ElMjBjZW50ZXIlM0IlMjBkaXNwbGF5JTNBJTIwaW5saW5lLWZsZXglM0IlMjIlM0UlMEElMjAlMjAlMjAlMjAlMEElMjAlMjAlMjAlMjAlMjAlMjAlMjAlMjAlM0NzZWxlY3QlMjBjbGFzcyUzRCUyMnNlbGVjdC1ib3glMjBmbGlwJTIyJTIwc3R5bGUlM0QlMjJwYWRkaW5nJTNBJTIwNXB4JTIwMHB4JTIwNXB4JTIwOXB4JTNCJTIwbWFyZ2luJTNBJTIwMTBweCUyMDAlMjAwJTIwNTBweCUzQiUyMGZvbnQtc2l6ZSUzQSUyMDE3cHglM0IlMjIlMjBuYW1lJTNEJTIyY2F0ZWdvcnklMjIlM0UlMEElMjAlMjAlMjAlMjAlM0NvcHRpb24lMjB2YWx1ZSUzRCUyMnNlcnZpY2VzJTIyJTNFU2VsZWN0JTIwU2VydmljZXMlM0MlMkZvcHRpb24lM0UlMEElMjAlMjAlMjAlMjAlM0NvcHRpb24lMjB2YWx1ZSUzRCUyMkxpdGVyYXR1ciUyMiUyMCUzRUNvbXB1dGVyJTIwU2NpZW5jZSUyMCUyNiUyMElUJTIwJTNDJTJGb3B0aW9uJTNFJTBBJTIwJTIwJTIwJTIwJTBBJTIwJTIwJTIwJTIwJTNDJTJGc2VsZWN0JTNFJTBBJTIwJTIwJTIwJTIwJTBBJTIwJTIwJTIwJTIwJTNDc2VsZWN0JTIwaWQlM0QlMjJjaG9pY2VzJTIyJTIwY2xhc3MlM0QlMjJzZWxlY3QtYm94JTIyJTIwc3R5bGUlM0QlMjJwYWRkaW5nJTNBJTIwNXB4JTIwMHB4JTIwNXB4JTIwOXB4JTNCJTIwbWFyZ2luJTNBJTIwMTBweCUyMDAlMjAwJTIwMjVweCUzQiUyMGZvbnQtc2l6ZSUzQSUyMDE3cHglM0IlMjIlM0UlMEElMjAlMjAlMjAlMEElMjAlMjAlMjAlMjAlM0MlMkZzZWxlY3QlM0UlMEElMjAlMjAlMjAlMjAlMEElMjAlMjAlMjAlMjAlM0MlMkZmb3JtJTNF[\/vc_raw_html][\/vc_column][\/vc_row][vc_row css=&#8221;.vc_custom_1620804103287{padding-top: 2% !important;}&#8221;][vc_column width=&#8221;1\/3&#8243;][vc_column_text] Coding &amp; Algorithms Development [\/vc_column_text][vc_tta_accordion [&hellip;]\" \/>\n<meta property=\"og:url\" content=\"https:\/\/www.tutorsindia.com\/academy\/coding-algorithms-development\/computer-science-it\/robotic-process-automation\/\" \/>\n<meta property=\"og:site_name\" content=\"Recent-Research Trends\" \/>\n<meta property=\"article:modified_time\" content=\"2021-06-03T10:35:31+00:00\" \/>\n<meta name=\"twitter:card\" content=\"summary_large_image\" \/>\n<meta name=\"twitter:label1\" content=\"Estimated reading time\" \/>\n\t<meta name=\"twitter:data1\" content=\"3 minutes\" \/>\n<script type=\"application\/ld+json\" class=\"yoast-schema-graph\">{\"@context\":\"https:\/\/schema.org\",\"@graph\":[{\"@type\":\"WebPage\",\"@id\":\"https:\/\/www.tutorsindia.com\/academy\/coding-algorithms-development\/computer-science-it\/robotic-process-automation\/\",\"url\":\"https:\/\/www.tutorsindia.com\/academy\/coding-algorithms-development\/computer-science-it\/robotic-process-automation\/\",\"name\":\"Robotic Process Automation - Recent-Research Trends\",\"isPartOf\":{\"@id\":\"https:\/\/www.tutorsindia.com\/academy\/#website\"},\"datePublished\":\"2021-04-28T15:21:11+00:00\",\"dateModified\":\"2021-06-03T10:35:31+00:00\",\"breadcrumb\":{\"@id\":\"https:\/\/www.tutorsindia.com\/academy\/coding-algorithms-development\/computer-science-it\/robotic-process-automation\/#breadcrumb\"},\"inLanguage\":\"en-GB\",\"potentialAction\":[{\"@type\":\"ReadAction\",\"target\":[\"https:\/\/www.tutorsindia.com\/academy\/coding-algorithms-development\/computer-science-it\/robotic-process-automation\/\"]}]},{\"@type\":\"BreadcrumbList\",\"@id\":\"https:\/\/www.tutorsindia.com\/academy\/coding-algorithms-development\/computer-science-it\/robotic-process-automation\/#breadcrumb\",\"itemListElement\":[{\"@type\":\"ListItem\",\"position\":1,\"name\":\"Home\",\"item\":\"https:\/\/www.tutorsindia.com\/academy\/\"},{\"@type\":\"ListItem\",\"position\":2,\"name\":\"Coding Algorithms Development\",\"item\":\"https:\/\/www.tutorsindia.com\/academy\/coding-algorithms-development\/\"},{\"@type\":\"ListItem\",\"position\":3,\"name\":\"Computer Science&#038; IT\",\"item\":\"https:\/\/www.tutorsindia.com\/academy\/coding-algorithms-development\/computer-science-it\/\"},{\"@type\":\"ListItem\",\"position\":4,\"name\":\"Robotic Process Automation\"}]},{\"@type\":\"WebSite\",\"@id\":\"https:\/\/www.tutorsindia.com\/academy\/#website\",\"url\":\"https:\/\/www.tutorsindia.com\/academy\/\",\"name\":\"Recent-Research Trends\",\"description\":\"\",\"potentialAction\":[{\"@type\":\"SearchAction\",\"target\":{\"@type\":\"EntryPoint\",\"urlTemplate\":\"https:\/\/www.tutorsindia.com\/academy\/?s={search_term_string}\"},\"query-input\":{\"@type\":\"PropertyValueSpecification\",\"valueRequired\":true,\"valueName\":\"search_term_string\"}}],\"inLanguage\":\"en-GB\"}]}<\/script>\n<!-- \/ Yoast SEO plugin. -->","yoast_head_json":{"title":"Robotic Process Automation - Recent-Research Trends","robots":{"index":"index","follow":"follow","max-snippet":"max-snippet:-1","max-image-preview":"max-image-preview:large","max-video-preview":"max-video-preview:-1"},"og_locale":"en_GB","og_type":"article","og_title":"Robotic Process Automation - Recent-Research Trends","og_description":"[vc_row css=&#8221;.vc_custom_1620804131518{padding-top: 60px !important;}&#8221;][vc_column width=&#8221;4\/12&#8243;][\/vc_column][vc_column width=&#8221;8\/12&#8243;][vc_column_text] Computer Science &amp; IT [\/vc_column_text][vc_raw_html]JTNDaGVhZCUzRSUwQSUyMCUyMCUyMCUyMCUyMCUyMCUyMCUwQSUyMCUyMCUyMCUyMCUyMCUyMCUyMCUyMCUzQyUyRmhlYWQlM0UlMEElMjAlMjAlMjAlMjAlM0Nmb3JtJTIwaWQlM0QlMjJkZW1vRm9ybSUyMiUyMGNsYXNzJTNEJTIyZGVtb0Zvcm0lMjIlMjBzdHlsZSUzRCUyMnRleHQtYWxpZ24lM0ElMjBjZW50ZXIlM0IlMjBkaXNwbGF5JTNBJTIwaW5saW5lLWZsZXglM0IlMjIlM0UlMEElMjAlMjAlMjAlMjAlMEElMjAlMjAlMjAlMjAlMjAlMjAlMjAlMjAlM0NzZWxlY3QlMjBjbGFzcyUzRCUyMnNlbGVjdC1ib3glMjBmbGlwJTIyJTIwc3R5bGUlM0QlMjJwYWRkaW5nJTNBJTIwNXB4JTIwMHB4JTIwNXB4JTIwOXB4JTNCJTIwbWFyZ2luJTNBJTIwMTBweCUyMDAlMjAwJTIwNTBweCUzQiUyMGZvbnQtc2l6ZSUzQSUyMDE3cHglM0IlMjIlMjBuYW1lJTNEJTIyY2F0ZWdvcnklMjIlM0UlMEElMjAlMjAlMjAlMjAlM0NvcHRpb24lMjB2YWx1ZSUzRCUyMnNlcnZpY2VzJTIyJTNFU2VsZWN0JTIwU2VydmljZXMlM0MlMkZvcHRpb24lM0UlMEElMjAlMjAlMjAlMjAlM0NvcHRpb24lMjB2YWx1ZSUzRCUyMkxpdGVyYXR1ciUyMiUyMCUzRUNvbXB1dGVyJTIwU2NpZW5jZSUyMCUyNiUyMElUJTIwJTNDJTJGb3B0aW9uJTNFJTBBJTIwJTIwJTIwJTIwJTBBJTIwJTIwJTIwJTIwJTNDJTJGc2VsZWN0JTNFJTBBJTIwJTIwJTIwJTIwJTBBJTIwJTIwJTIwJTIwJTNDc2VsZWN0JTIwaWQlM0QlMjJjaG9pY2VzJTIyJTIwY2xhc3MlM0QlMjJzZWxlY3QtYm94JTIyJTIwc3R5bGUlM0QlMjJwYWRkaW5nJTNBJTIwNXB4JTIwMHB4JTIwNXB4JTIwOXB4JTNCJTIwbWFyZ2luJTNBJTIwMTBweCUyMDAlMjAwJTIwMjVweCUzQiUyMGZvbnQtc2l6ZSUzQSUyMDE3cHglM0IlMjIlM0UlMEElMjAlMjAlMjAlMEElMjAlMjAlMjAlMjAlM0MlMkZzZWxlY3QlM0UlMEElMjAlMjAlMjAlMjAlMEElMjAlMjAlMjAlMjAlM0MlMkZmb3JtJTNF[\/vc_raw_html][\/vc_column][\/vc_row][vc_row css=&#8221;.vc_custom_1620804103287{padding-top: 2% !important;}&#8221;][vc_column width=&#8221;1\/3&#8243;][vc_column_text] Coding &amp; Algorithms Development [\/vc_column_text][vc_tta_accordion [&hellip;]","og_url":"https:\/\/www.tutorsindia.com\/academy\/coding-algorithms-development\/computer-science-it\/robotic-process-automation\/","og_site_name":"Recent-Research Trends","article_modified_time":"2021-06-03T10:35:31+00:00","twitter_card":"summary_large_image","twitter_misc":{"Estimated reading time":"3 minutes"},"schema":{"@context":"https:\/\/schema.org","@graph":[{"@type":"WebPage","@id":"https:\/\/www.tutorsindia.com\/academy\/coding-algorithms-development\/computer-science-it\/robotic-process-automation\/","url":"https:\/\/www.tutorsindia.com\/academy\/coding-algorithms-development\/computer-science-it\/robotic-process-automation\/","name":"Robotic Process Automation - Recent-Research Trends","isPartOf":{"@id":"https:\/\/www.tutorsindia.com\/academy\/#website"},"datePublished":"2021-04-28T15:21:11+00:00","dateModified":"2021-06-03T10:35:31+00:00","breadcrumb":{"@id":"https:\/\/www.tutorsindia.com\/academy\/coding-algorithms-development\/computer-science-it\/robotic-process-automation\/#breadcrumb"},"inLanguage":"en-GB","potentialAction":[{"@type":"ReadAction","target":["https:\/\/www.tutorsindia.com\/academy\/coding-algorithms-development\/computer-science-it\/robotic-process-automation\/"]}]},{"@type":"BreadcrumbList","@id":"https:\/\/www.tutorsindia.com\/academy\/coding-algorithms-development\/computer-science-it\/robotic-process-automation\/#breadcrumb","itemListElement":[{"@type":"ListItem","position":1,"name":"Home","item":"https:\/\/www.tutorsindia.com\/academy\/"},{"@type":"ListItem","position":2,"name":"Coding Algorithms Development","item":"https:\/\/www.tutorsindia.com\/academy\/coding-algorithms-development\/"},{"@type":"ListItem","position":3,"name":"Computer Science&#038; IT","item":"https:\/\/www.tutorsindia.com\/academy\/coding-algorithms-development\/computer-science-it\/"},{"@type":"ListItem","position":4,"name":"Robotic Process Automation"}]},{"@type":"WebSite","@id":"https:\/\/www.tutorsindia.com\/academy\/#website","url":"https:\/\/www.tutorsindia.com\/academy\/","name":"Recent-Research Trends","description":"","potentialAction":[{"@type":"SearchAction","target":{"@type":"EntryPoint","urlTemplate":"https:\/\/www.tutorsindia.com\/academy\/?s={search_term_string}"},"query-input":{"@type":"PropertyValueSpecification","valueRequired":true,"valueName":"search_term_string"}}],"inLanguage":"en-GB"}]}},"rttpg_featured_image_url":null,"rttpg_author":{"display_name":"guires","author_link":"https:\/\/www.tutorsindia.com\/academy\/author\/tutorsindia\/"},"rttpg_comment":0,"rttpg_category":null,"rttpg_excerpt":"[vc_row css=&#8221;.vc_custom_1620804131518{padding-top: 60px !important;}&#8221;][vc_column width=&#8221;4\/12&#8243;][\/vc_column][vc_column width=&#8221;8\/12&#8243;][vc_column_text] Computer Science &amp; IT [\/vc_column_text][vc_raw_html]JTNDaGVhZCUzRSUwQSUyMCUyMCUyMCUyMCUyMCUyMCUyMCUwQSUyMCUyMCUyMCUyMCUyMCUyMCUyMCUyMCUzQyUyRmhlYWQlM0UlMEElMjAlMjAlMjAlMjAlM0Nmb3JtJTIwaWQlM0QlMjJkZW1vRm9ybSUyMiUyMGNsYXNzJTNEJTIyZGVtb0Zvcm0lMjIlMjBzdHlsZSUzRCUyMnRleHQtYWxpZ24lM0ElMjBjZW50ZXIlM0IlMjBkaXNwbGF5JTNBJTIwaW5saW5lLWZsZXglM0IlMjIlM0UlMEElMjAlMjAlMjAlMjAlMEElMjAlMjAlMjAlMjAlMjAlMjAlMjAlMjAlM0NzZWxlY3QlMjBjbGFzcyUzRCUyMnNlbGVjdC1ib3glMjBmbGlwJTIyJTIwc3R5bGUlM0QlMjJwYWRkaW5nJTNBJTIwNXB4JTIwMHB4JTIwNXB4JTIwOXB4JTNCJTIwbWFyZ2luJTNBJTIwMTBweCUyMDAlMjAwJTIwNTBweCUzQiUyMGZvbnQtc2l6ZSUzQSUyMDE3cHglM0IlMjIlMjBuYW1lJTNEJTIyY2F0ZWdvcnklMjIlM0UlMEElMjAlMjAlMjAlMjAlM0NvcHRpb24lMjB2YWx1ZSUzRCUyMnNlcnZpY2VzJTIyJTNFU2VsZWN0JTIwU2VydmljZXMlM0MlMkZvcHRpb24lM0UlMEElMjAlMjAlMjAlMjAlM0NvcHRpb24lMjB2YWx1ZSUzRCUyMkxpdGVyYXR1ciUyMiUyMCUzRUNvbXB1dGVyJTIwU2NpZW5jZSUyMCUyNiUyMElUJTIwJTNDJTJGb3B0aW9uJTNFJTBBJTIwJTIwJTIwJTIwJTBBJTIwJTIwJTIwJTIwJTNDJTJGc2VsZWN0JTNFJTBBJTIwJTIwJTIwJTIwJTBBJTIwJTIwJTIwJTIwJTNDc2VsZWN0JTIwaWQlM0QlMjJjaG9pY2VzJTIyJTIwY2xhc3MlM0QlMjJzZWxlY3QtYm94JTIyJTIwc3R5bGUlM0QlMjJwYWRkaW5nJTNBJTIwNXB4JTIwMHB4JTIwNXB4JTIwOXB4JTNCJTIwbWFyZ2luJTNBJTIwMTBweCUyMDAlMjAwJTIwMjVweCUzQiUyMGZvbnQtc2l6ZSUzQSUyMDE3cHglM0IlMjIlM0UlMEElMjAlMjAlMjAlMEElMjAlMjAlMjAlMjAlM0MlMkZzZWxlY3QlM0UlMEElMjAlMjAlMjAlMjAlMEElMjAlMjAlMjAlMjAlM0MlMkZmb3JtJTNF[\/vc_raw_html][\/vc_column][\/vc_row][vc_row css=&#8221;.vc_custom_1620804103287{padding-top: 2% !important;}&#8221;][vc_column width=&#8221;1\/3&#8243;][vc_column_text] Coding &amp; Algorithms Development [\/vc_column_text][vc_tta_accordion [&hellip;]","_links":{"self":[{"href":"https:\/\/www.tutorsindia.com\/academy\/wp-json\/wp\/v2\/pages\/5470","targetHints":{"allow":["GET"]}}],"collection":[{"href":"https:\/\/www.tutorsindia.com\/academy\/wp-json\/wp\/v2\/pages"}],"about":[{"href":"https:\/\/www.tutorsindia.com\/academy\/wp-json\/wp\/v2\/types\/page"}],"author":[{"embeddable":true,"href":"https:\/\/www.tutorsindia.com\/academy\/wp-json\/wp\/v2\/users\/1"}],"replies":[{"embeddable":true,"href":"https:\/\/www.tutorsindia.com\/academy\/wp-json\/wp\/v2\/comments?post=5470"}],"version-history":[{"count":0,"href":"https:\/\/www.tutorsindia.com\/academy\/wp-json\/wp\/v2\/pages\/5470\/revisions"}],"up":[{"embeddable":true,"href":"https:\/\/www.tutorsindia.com\/academy\/wp-json\/wp\/v2\/pages\/5620"}],"wp:attachment":[{"href":"https:\/\/www.tutorsindia.com\/academy\/wp-json\/wp\/v2\/media?parent=5470"}],"curies":[{"name":"wp","href":"https:\/\/api.w.org\/{rel}","templated":true}]}}